{"id":197,"date":"2023-05-24T19:36:33","date_gmt":"2023-05-24T17:36:33","guid":{"rendered":"http:\/\/asut.tg\/?page_id=197"},"modified":"2023-10-19T19:11:12","modified_gmt":"2023-10-19T17:11:12","slug":"nos-projets","status":"publish","type":"page","link":"https:\/\/asut.tg\/?page_id=197","title":{"rendered":""},"content":{"rendered":"\t\t<div data-elementor-type=\"wp-page\" data-elementor-id=\"197\" class=\"elementor elementor-197\">\n\t\t\t\t\t\t<section class=\"elementor-section elementor-top-section elementor-element elementor-element-9c41843 elementor-section-boxed elementor-section-height-default elementor-section-height-default\" data-id=\"9c41843\" data-element_type=\"section\">\n\t\t\t\t\t\t<div class=\"elementor-container elementor-column-gap-default\">\n\t\t\t\t\t<div class=\"elementor-column elementor-col-100 elementor-top-column elementor-element elementor-element-87c893a\" data-id=\"87c893a\" data-element_type=\"column\">\n\t\t\t<div class=\"elementor-widget-wrap elementor-element-populated\">\n\t\t\t\t\t\t<div class=\"elementor-element elementor-element-b6ad565 elementor-widget elementor-widget-heading\" data-id=\"b6ad565\" data-element_type=\"widget\" data-widget_type=\"heading.default\">\n\t\t\t\t<div class=\"elementor-widget-container\">\n\t\t\t\t\t<h2 class=\"elementor-heading-title elementor-size-default\">ONE NATION SKATEPARK<\/h2>\t\t\t\t<\/div>\n\t\t\t\t<\/div>\n\t\t\t\t\t<\/div>\n\t\t<\/div>\n\t\t\t\t\t<\/div>\n\t\t<\/section>\n\t\t\t\t<section class=\"elementor-section elementor-top-section elementor-element elementor-element-abe844a elementor-section-full_width elementor-section-height-default elementor-section-height-default\" data-id=\"abe844a\" data-element_type=\"section\">\n\t\t\t\t\t\t<div class=\"elementor-container elementor-column-gap-default\">\n\t\t\t\t\t<div class=\"elementor-column elementor-col-100 elementor-top-column elementor-element elementor-element-373b49f\" data-id=\"373b49f\" data-element_type=\"column\">\n\t\t\t<div class=\"elementor-widget-wrap elementor-element-populated\">\n\t\t\t\t\t\t<div class=\"elementor-element elementor-element-eae06ab elementor-widget elementor-widget-image\" data-id=\"eae06ab\" data-element_type=\"widget\" data-widget_type=\"image.default\">\n\t\t\t\t<div class=\"elementor-widget-container\">\n\t\t\t\t\t\t\t\t\t\t\t\t\t\t\t<img fetchpriority=\"high\" decoding=\"async\" width=\"791\" height=\"483\" src=\"https:\/\/asut.tg\/wp-content\/uploads\/2023\/05\/WhatsApp-Image-2023-05-24-at-19.14.26.jpeg\" class=\"attachment-full size-full wp-image-231\" alt=\"\" srcset=\"https:\/\/asut.tg\/wp-content\/uploads\/2023\/05\/WhatsApp-Image-2023-05-24-at-19.14.26.jpeg 791w, https:\/\/asut.tg\/wp-content\/uploads\/2023\/05\/WhatsApp-Image-2023-05-24-at-19.14.26-300x183.jpeg 300w, https:\/\/asut.tg\/wp-content\/uploads\/2023\/05\/WhatsApp-Image-2023-05-24-at-19.14.26-768x469.jpeg 768w\" sizes=\"(max-width: 791px) 100vw, 791px\" \/>\t\t\t\t\t\t\t\t\t\t\t\t\t\t\t<\/div>\n\t\t\t\t<\/div>\n\t\t\t\t<div class=\"elementor-element elementor-element-e8b05c4 elementor-widget elementor-widget-text-editor\" data-id=\"e8b05c4\" data-element_type=\"widget\" data-widget_type=\"text-editor.default\">\n\t\t\t\t<div class=\"elementor-widget-container\">\n\t\t\t\t\t\t\t\t\t<p><strong>Cette sc\u00e8ne naissante et tr\u00e8s motiv\u00e9e a d\u00e9sesp\u00e9r\u00e9ment besoin d\u2019un endroit o\u00f9 non seulement elle soit tol\u00e9r\u00e9e, mais o\u00f9 elle puisse prosp\u00e9rer de toutes les mani\u00e8res et sans restriction.<\/strong><\/p>\t\t\t\t\t\t\t\t<\/div>\n\t\t\t\t<\/div>\n\t\t\t\t\t<\/div>\n\t\t<\/div>\n\t\t\t\t\t<\/div>\n\t\t<\/section>\n\t\t\t\t<section class=\"elementor-section elementor-top-section elementor-element elementor-element-0c85550 elementor-section-boxed elementor-section-height-default elementor-section-height-default\" data-id=\"0c85550\" data-element_type=\"section\">\n\t\t\t\t\t\t<div class=\"elementor-container elementor-column-gap-default\">\n\t\t\t\t\t<div class=\"elementor-column elementor-col-66 elementor-top-column elementor-element elementor-element-3f60ef8\" data-id=\"3f60ef8\" data-element_type=\"column\">\n\t\t\t<div class=\"elementor-widget-wrap elementor-element-populated\">\n\t\t\t\t\t\t<div class=\"elementor-element elementor-element-df41916 elementor-widget elementor-widget-image\" data-id=\"df41916\" data-element_type=\"widget\" data-widget_type=\"image.default\">\n\t\t\t\t<div class=\"elementor-widget-container\">\n\t\t\t\t\t\t\t\t\t\t\t\t\t\t\t<img decoding=\"async\" width=\"1024\" height=\"683\" src=\"https:\/\/asut.tg\/wp-content\/uploads\/2023\/05\/WhatsApp-Image-2023-04-28-at-08.37.41-3.jpeg\" class=\"attachment-large size-large wp-image-212\" alt=\"\" srcset=\"https:\/\/asut.tg\/wp-content\/uploads\/2023\/05\/WhatsApp-Image-2023-04-28-at-08.37.41-3.jpeg 1024w, https:\/\/asut.tg\/wp-content\/uploads\/2023\/05\/WhatsApp-Image-2023-04-28-at-08.37.41-3-300x200.jpeg 300w, https:\/\/asut.tg\/wp-content\/uploads\/2023\/05\/WhatsApp-Image-2023-04-28-at-08.37.41-3-768x512.jpeg 768w\" sizes=\"(max-width: 1024px) 100vw, 1024px\" \/>\t\t\t\t\t\t\t\t\t\t\t\t\t\t\t<\/div>\n\t\t\t\t<\/div>\n\t\t\t\t\t<\/div>\n\t\t<\/div>\n\t\t\t\t<div class=\"elementor-column elementor-col-33 elementor-top-column elementor-element elementor-element-19a4e1a\" data-id=\"19a4e1a\" data-element_type=\"column\">\n\t\t\t<div class=\"elementor-widget-wrap elementor-element-populated\">\n\t\t\t\t\t\t<div class=\"elementor-element elementor-element-f86b969 elementor-widget elementor-widget-text-editor\" data-id=\"f86b969\" data-element_type=\"widget\" data-widget_type=\"text-editor.default\">\n\t\t\t\t<div class=\"elementor-widget-container\">\n\t\t\t\t\t\t\t\t\t<h6><em>\u2022 Espace d\u2019activit\u00e9 public pour les jeunes skateurs\u00a0<\/em><br \/><em>\u2022 Moyen de garder les jeunes \u00e9loign\u00e9s de leur smartphones<\/em><br \/><em>\u2022 Moyen de lutte contre l&#8217;ennui<\/em><br \/><em>\u2022 Espace evenementiel de la communaut\u00e9<\/em><br \/><em>\u2022 Un lieu s\u00e9curis\u00e9 car prot\u00e9g\u00e9 des dangers de la circulation<\/em><\/h6>\t\t\t\t\t\t\t\t<\/div>\n\t\t\t\t<\/div>\n\t\t\t\t\t<\/div>\n\t\t<\/div>\n\t\t\t\t\t<\/div>\n\t\t<\/section>\n\t\t\t\t<section class=\"elementor-section elementor-top-section elementor-element elementor-element-10afe21 elementor-section-boxed elementor-section-height-default elementor-section-height-default\" data-id=\"10afe21\" data-element_type=\"section\">\n\t\t\t\t\t\t<div class=\"elementor-container elementor-column-gap-default\">\n\t\t\t\t\t<div class=\"elementor-column elementor-col-100 elementor-top-column elementor-element elementor-element-b50051f\" data-id=\"b50051f\" data-element_type=\"column\">\n\t\t\t<div class=\"elementor-widget-wrap elementor-element-populated\">\n\t\t\t\t\t\t<div class=\"elementor-element elementor-element-121ce3f elementor-widget elementor-widget-spacer\" data-id=\"121ce3f\" data-element_type=\"widget\" data-widget_type=\"spacer.default\">\n\t\t\t\t<div class=\"elementor-widget-container\">\n\t\t\t\t\t\t\t<div class=\"elementor-spacer\">\n\t\t\t<div class=\"elementor-spacer-inner\"><\/div>\n\t\t<\/div>\n\t\t\t\t\t\t<\/div>\n\t\t\t\t<\/div>\n\t\t\t\t<div class=\"elementor-element elementor-element-51fc610 elementor-widget elementor-widget-text-editor\" data-id=\"51fc610\" data-element_type=\"widget\" data-widget_type=\"text-editor.default\">\n\t\t\t\t<div class=\"elementor-widget-container\">\n\t\t\t\t\t\t\t\t\t<h5 class=\"elementor-heading-title elementor-size-default\">Le skatepark proposera un \u00e9ventail d&#8217;\u00e9l\u00e9ments approuv\u00e9s par les skateurs locaux\u00a0<\/h5>\t\t\t\t\t\t\t\t<\/div>\n\t\t\t\t<\/div>\n\t\t\t\t<div class=\"elementor-element elementor-element-f4c73ec elementor-widget elementor-widget-spacer\" data-id=\"f4c73ec\" data-element_type=\"widget\" data-widget_type=\"spacer.default\">\n\t\t\t\t<div class=\"elementor-widget-container\">\n\t\t\t\t\t\t\t<div class=\"elementor-spacer\">\n\t\t\t<div class=\"elementor-spacer-inner\"><\/div>\n\t\t<\/div>\n\t\t\t\t\t\t<\/div>\n\t\t\t\t<\/div>\n\t\t\t\t\t<\/div>\n\t\t<\/div>\n\t\t\t\t\t<\/div>\n\t\t<\/section>\n\t\t\t\t<section class=\"elementor-section elementor-top-section elementor-element elementor-element-678939a elementor-section-boxed elementor-section-height-default elementor-section-height-default\" data-id=\"678939a\" data-element_type=\"section\">\n\t\t\t\t\t\t<div class=\"elementor-container elementor-column-gap-default\">\n\t\t\t\t\t<div class=\"elementor-column elementor-col-33 elementor-top-column elementor-element elementor-element-42fbdce\" data-id=\"42fbdce\" data-element_type=\"column\">\n\t\t\t<div class=\"elementor-widget-wrap elementor-element-populated\">\n\t\t\t\t\t\t<div class=\"elementor-element elementor-element-0e7c1a2 elementor-widget elementor-widget-text-editor\" data-id=\"0e7c1a2\" data-element_type=\"widget\" data-widget_type=\"text-editor.default\">\n\t\t\t\t<div class=\"elementor-widget-container\">\n\t\t\t\t\t\t\t\t\t<h6><em>De grands espaces plats encourageront les d\u00e9butants et permettront des ateliers. Cet espace sera une source de motivation. La conception offrira la possibilit\u00e9 de patiner en sections s\u00e9par\u00e9es. Plusieurs refuges\/zones assises seront incluses pour r\u00e9pondre aux utilisateurs actifs et encourager une plus grande participation de la communaut\u00e9 dans l\u2019espace. Ce sera un atout pr\u00e9cieux de la communaut\u00e9<\/em><\/h6><h6>\u00a0<\/h6>\t\t\t\t\t\t\t\t<\/div>\n\t\t\t\t<\/div>\n\t\t\t\t\t<\/div>\n\t\t<\/div>\n\t\t\t\t<div class=\"elementor-column elementor-col-66 elementor-top-column elementor-element elementor-element-afa2bad\" data-id=\"afa2bad\" data-element_type=\"column\">\n\t\t\t<div class=\"elementor-widget-wrap elementor-element-populated\">\n\t\t\t\t\t\t<div class=\"elementor-element elementor-element-ba5cf29 elementor-widget elementor-widget-image\" data-id=\"ba5cf29\" data-element_type=\"widget\" data-widget_type=\"image.default\">\n\t\t\t\t<div class=\"elementor-widget-container\">\n\t\t\t\t\t\t\t\t\t\t\t\t\t\t\t<img decoding=\"async\" width=\"1024\" height=\"683\" src=\"https:\/\/asut.tg\/wp-content\/uploads\/2023\/05\/51574075941_84c4e517f9_o-1-1024x683.jpg\" class=\"attachment-large size-large wp-image-213\" alt=\"\" srcset=\"https:\/\/asut.tg\/wp-content\/uploads\/2023\/05\/51574075941_84c4e517f9_o-1-1024x683.jpg 1024w, https:\/\/asut.tg\/wp-content\/uploads\/2023\/05\/51574075941_84c4e517f9_o-1-300x200.jpg 300w, https:\/\/asut.tg\/wp-content\/uploads\/2023\/05\/51574075941_84c4e517f9_o-1-768x512.jpg 768w, https:\/\/asut.tg\/wp-content\/uploads\/2023\/05\/51574075941_84c4e517f9_o-1-1536x1024.jpg 1536w, https:\/\/asut.tg\/wp-content\/uploads\/2023\/05\/51574075941_84c4e517f9_o-1-2048x1366.jpg 2048w\" sizes=\"(max-width: 1024px) 100vw, 1024px\" \/>\t\t\t\t\t\t\t\t\t\t\t\t\t\t\t<\/div>\n\t\t\t\t<\/div>\n\t\t\t\t\t<\/div>\n\t\t<\/div>\n\t\t\t\t\t<\/div>\n\t\t<\/section>\n\t\t\t\t<\/div>\n\t\t","protected":false},"excerpt":{"rendered":"<p>ONE NATION SKATEPARK Cette sc\u00e8ne naissante et tr\u00e8s motiv\u00e9e a d\u00e9sesp\u00e9r\u00e9ment besoin d\u2019un endroit o\u00f9 non seulement elle soit tol\u00e9r\u00e9e, mais o\u00f9 elle puisse prosp\u00e9rer de toutes les mani\u00e8res et sans restriction. \u2022 Espace d\u2019activit\u00e9 public pour les jeunes skateurs\u00a0\u2022 Moyen de garder les jeunes \u00e9loign\u00e9s de leur smartphones\u2022 Moyen de lutte contre l&#8217;ennui\u2022 Espace [&hellip;]<\/p>\n","protected":false},"author":2,"featured_media":186,"parent":0,"menu_order":0,"comment_status":"closed","ping_status":"closed","template":"","meta":{"footnotes":""},"class_list":["post-197","page","type-page","status-publish","has-post-thumbnail","hentry"],"_links":{"self":[{"href":"https:\/\/asut.tg\/index.php?rest_route=\/wp\/v2\/pages\/197","targetHints":{"allow":["GET"]}}],"collection":[{"href":"https:\/\/asut.tg\/index.php?rest_route=\/wp\/v2\/pages"}],"about":[{"href":"https:\/\/asut.tg\/index.php?rest_route=\/wp\/v2\/types\/page"}],"author":[{"embeddable":true,"href":"https:\/\/asut.tg\/index.php?rest_route=\/wp\/v2\/users\/2"}],"replies":[{"embeddable":true,"href":"https:\/\/asut.tg\/index.php?rest_route=%2Fwp%2Fv2%2Fcomments&post=197"}],"version-history":[{"count":26,"href":"https:\/\/asut.tg\/index.php?rest_route=\/wp\/v2\/pages\/197\/revisions"}],"predecessor-version":[{"id":310,"href":"https:\/\/asut.tg\/index.php?rest_route=\/wp\/v2\/pages\/197\/revisions\/310"}],"wp:featuredmedia":[{"embeddable":true,"href":"https:\/\/asut.tg\/index.php?rest_route=\/wp\/v2\/media\/186"}],"wp:attachment":[{"href":"https:\/\/asut.tg\/index.php?rest_route=%2Fwp%2Fv2%2Fmedia&parent=197"}],"curies":[{"name":"wp","href":"https:\/\/api.w.org\/{rel}","templated":true}]}}