{"id":204,"date":"2023-05-24T20:02:57","date_gmt":"2023-05-24T18:02:57","guid":{"rendered":"http:\/\/asut.tg\/?page_id=204"},"modified":"2023-10-19T19:14:04","modified_gmt":"2023-10-19T17:14:04","slug":"a-propos","status":"publish","type":"page","link":"https:\/\/asut.tg\/?page_id=204","title":{"rendered":"A propos de nous"},"content":{"rendered":"\n<figure class=\"wp-block-image alignfull size-large\"><img fetchpriority=\"high\" decoding=\"async\" width=\"1024\" height=\"683\" src=\"http:\/\/asut.tg\/wp-content\/uploads\/2023\/10\/51712417185_458523b96b_o1-1024x683.jpg\" alt=\"\" class=\"wp-image-311\" srcset=\"https:\/\/asut.tg\/wp-content\/uploads\/2023\/10\/51712417185_458523b96b_o1-1024x683.jpg 1024w, https:\/\/asut.tg\/wp-content\/uploads\/2023\/10\/51712417185_458523b96b_o1-300x200.jpg 300w, https:\/\/asut.tg\/wp-content\/uploads\/2023\/10\/51712417185_458523b96b_o1-768x512.jpg 768w, https:\/\/asut.tg\/wp-content\/uploads\/2023\/10\/51712417185_458523b96b_o1-1536x1024.jpg 1536w, https:\/\/asut.tg\/wp-content\/uploads\/2023\/10\/51712417185_458523b96b_o1-2048x1365.jpg 2048w\" sizes=\"(max-width: 1024px) 100vw, 1024px\" \/><\/figure>\n\n\n\n<p class=\"has-text-align-center\"><em>L\u2019association Skate Union Togo est une jeune association apolitique \u00e0 but non lucratif<br>loi : 1901, d\u2019int\u00e9r\u00eat g\u00e9n\u00e9ral, \u0153uvrant pour la promotion du sport de skateboard et ses valeurs \u00e0 l\u2019\u00e9chelle nationale par le biais d\u2019actions sportives, \u00e9ducatives et solidaires \u00e0 destination de populations pr\u00e9caires ou non, isol\u00e9es ou proches.<\/em><\/p>\n\n\n\n<p class=\"has-text-align-center\"><em>L\u2019association a \u00e9t\u00e9 cr\u00e9\u00e9e le 31 mars 2021) \u00e0 Lom\u00e9 \u2013 quartier Ny\u00e9konakpo\u00e8 (rue du Stade) dans la pr\u00e9fecture du Golfe par Ampah JOHNSON avec pour objectif de se r\u00e9unir au sein d\u2019une structure morale qui permettra \u00e0 la jeunesse de faire carri\u00e8re aussi bien dans le sport que dans l\u2019art en soutenant des id\u00e9es innovantes avec des approches environnementales en lien avec le Skateboard<\/em><\/p>\n","protected":false},"excerpt":{"rendered":"<p>L\u2019association Skate Union Togo est une jeune association apolitique \u00e0 but non lucratifloi : 1901, d\u2019int\u00e9r\u00eat g\u00e9n\u00e9ral, \u0153uvrant pour la promotion du sport de skateboard et ses valeurs \u00e0 l\u2019\u00e9chelle nationale par le biais d\u2019actions sportives, \u00e9ducatives et solidaires \u00e0 destination de populations pr\u00e9caires ou non, isol\u00e9es ou proches. L\u2019association a \u00e9t\u00e9 cr\u00e9\u00e9e le 31 [&hellip;]<\/p>\n","protected":false},"author":2,"featured_media":0,"parent":0,"menu_order":0,"comment_status":"closed","ping_status":"closed","template":"","meta":{"footnotes":""},"class_list":["post-204","page","type-page","status-publish","hentry"],"_links":{"self":[{"href":"https:\/\/asut.tg\/index.php?rest_route=\/wp\/v2\/pages\/204","targetHints":{"allow":["GET"]}}],"collection":[{"href":"https:\/\/asut.tg\/index.php?rest_route=\/wp\/v2\/pages"}],"about":[{"href":"https:\/\/asut.tg\/index.php?rest_route=\/wp\/v2\/types\/page"}],"author":[{"embeddable":true,"href":"https:\/\/asut.tg\/index.php?rest_route=\/wp\/v2\/users\/2"}],"replies":[{"embeddable":true,"href":"https:\/\/asut.tg\/index.php?rest_route=%2Fwp%2Fv2%2Fcomments&post=204"}],"version-history":[{"count":5,"href":"https:\/\/asut.tg\/index.php?rest_route=\/wp\/v2\/pages\/204\/revisions"}],"predecessor-version":[{"id":313,"href":"https:\/\/asut.tg\/index.php?rest_route=\/wp\/v2\/pages\/204\/revisions\/313"}],"wp:attachment":[{"href":"https:\/\/asut.tg\/index.php?rest_route=%2Fwp%2Fv2%2Fmedia&parent=204"}],"curies":[{"name":"wp","href":"https:\/\/api.w.org\/{rel}","templated":true}]}}